{"id":22,"date":"2015-03-25T15:50:16","date_gmt":"2015-03-25T15:50:16","guid":{"rendered":"http:\/\/www.lameso.edu.mx\/sanluis\/?page_id=22"},"modified":"2015-10-01T21:31:22","modified_gmt":"2015-10-01T21:31:22","slug":"objetivos","status":"publish","type":"page","link":"https:\/\/lameso.edu.mx\/sanluis\/nosotros\/objetivos\/","title":{"rendered":"Objetivos"},"content":{"rendered":"<h4 style=\"text-align: left;\"><span style=\"color: #000000;\">La Universidad Mesoamericana\u00a0 tiene como metas\u00a0 generales que el graduado:<\/span><\/h4>\n<ul>\n<li style=\"text-align: left;\">\n<h5><span style=\"color: #000000;\"><img decoding=\"async\" loading=\"lazy\" class=\"alignright wp-image-245 \" src=\"http:\/\/www.lameso.edu.mx\/sanluis\/wp-content\/uploads\/2015\/03\/objetivos2.jpg\" alt=\"objetivos2\" width=\"37%\" height=\"31%\" srcset=\"https:\/\/lameso.edu.mx\/sanluis\/wp-content\/uploads\/2015\/03\/objetivos2.jpg 768w, https:\/\/lameso.edu.mx\/sanluis\/wp-content\/uploads\/2015\/03\/objetivos2-200x300.jpg 200w, https:\/\/lameso.edu.mx\/sanluis\/wp-content\/uploads\/2015\/03\/objetivos2-683x1024.jpg 683w, https:\/\/lameso.edu.mx\/sanluis\/wp-content\/uploads\/2015\/03\/objetivos2-100x150.jpg 100w\" sizes=\"(max-width: 768px) 100vw, 768px\" \/>Cultive los m\u00e1s altos valores humanos.<\/span><\/h5>\n<\/li>\n<li style=\"text-align: left;\">\n<h5><span style=\"color: #000000;\">Anteponga a sus intereses\u00a0 personales los de su sociedad y de su entorno.<\/span><\/h5>\n<\/li>\n<li style=\"text-align: left;\">\n<h5><span style=\"color: #000000;\">Tenga la habilidad de comunicarse efectivamente.<\/span><\/h5>\n<\/li>\n<li style=\"text-align: left;\">\n<h5><span style=\"color: #000000;\">Conozca adecuadamente el medio y aplique la metodolog\u00eda de Investigaci\u00f3n en la soluci\u00f3n de problemas.<\/span><\/h5>\n<\/li>\n<li style=\"text-align: left;\">\n<h5><span style=\"color: #000000;\">Conozca y eval\u00fae los principales aspectos art\u00edsticos de su propia cultura.<\/span><\/h5>\n<\/li>\n<li style=\"text-align: left;\">\n<h5><span style=\"color: #000000;\">Tenga una perspectiva razonada y cr\u00edtica sobre su propio.<\/span><\/h5>\n<\/li>\n<li style=\"text-align: left;\">\n<h5><span style=\"color: #000000;\">Tenga una perspectiva razonada y cr\u00edtica sobre la evoluci\u00f3n de la sociedad y la cultura.<\/span><\/h5>\n<\/li>\n<li>\n<h5 style=\"text-align: left;\"><span style=\"color: #000000;\">Comprenda el proceso de formaci\u00f3n de una filosof\u00eda vital y pueda exponer la suya propia.<\/span><\/h5>\n<\/li>\n<\/ul>\n","protected":false},"excerpt":{"rendered":"<p>La Universidad Mesoamericana\u00a0 tiene como metas\u00a0 generales que el graduado: Cultive los m\u00e1s altos valores humanos. Anteponga a sus intereses\u00a0\u2026<\/p>\n<p class=\"continue-reading-button\"> <a class=\"continue-reading-link\" href=\"https:\/\/lameso.edu.mx\/sanluis\/nosotros\/objetivos\/\">Leer m\u00e1s&#8230;<i class=\"crycon-right-dir\"><\/i><\/a><\/p>\n","protected":false},"author":1,"featured_media":1148,"parent":253,"menu_order":4,"comment_status":"closed","ping_status":"closed","template":"templates\/template-page-with-intro.php","meta":{"_joinchat":[]},"_links":{"self":[{"href":"https:\/\/lameso.edu.mx\/sanluis\/wp-json\/wp\/v2\/pages\/22"}],"collection":[{"href":"https:\/\/lameso.edu.mx\/sanluis\/wp-json\/wp\/v2\/pages"}],"about":[{"href":"https:\/\/lameso.edu.mx\/sanluis\/wp-json\/wp\/v2\/types\/page"}],"author":[{"embeddable":true,"href":"https:\/\/lameso.edu.mx\/sanluis\/wp-json\/wp\/v2\/users\/1"}],"replies":[{"embeddable":true,"href":"https:\/\/lameso.edu.mx\/sanluis\/wp-json\/wp\/v2\/comments?post=22"}],"version-history":[{"count":11,"href":"https:\/\/lameso.edu.mx\/sanluis\/wp-json\/wp\/v2\/pages\/22\/revisions"}],"predecessor-version":[{"id":399,"href":"https:\/\/lameso.edu.mx\/sanluis\/wp-json\/wp\/v2\/pages\/22\/revisions\/399"}],"up":[{"embeddable":true,"href":"https:\/\/lameso.edu.mx\/sanluis\/wp-json\/wp\/v2\/pages\/253"}],"wp:featuredmedia":[{"embeddable":true,"href":"https:\/\/lameso.edu.mx\/sanluis\/wp-json\/wp\/v2\/media\/1148"}],"wp:attachment":[{"href":"https:\/\/lameso.edu.mx\/sanluis\/wp-json\/wp\/v2\/media?parent=22"}],"curies":[{"name":"wp","href":"https:\/\/api.w.org\/{rel}","templated":true}]}}