{"id":36,"date":"2015-03-25T16:02:37","date_gmt":"2015-03-25T16:02:37","guid":{"rendered":"http:\/\/www.lameso.edu.mx\/sanjuan\/?page_id=36"},"modified":"2025-10-08T22:45:38","modified_gmt":"2025-10-08T22:45:38","slug":"vida-universitaria","status":"publish","type":"page","link":"https:\/\/lameso.edu.mx\/sanjuan\/vida-universitaria\/","title":{"rendered":"Galeria"},"content":{"rendered":"<p style=\"text-align: center;\"><strong>Tenemos como prop\u00f3sito orientar a los alumnos en el uso correcto del conocimiento a trav\u00e9s de diferentes formas de expresi\u00f3n y que los alumnos reconozcan sus emociones a trav\u00e9s de diferentes eventos institucionales.<\/strong><\/p>\n<div id=\"attachment_2296\" style=\"width: 390px\" class=\"wp-caption alignleft\"><a href=\"https:\/\/lameso.edu.mx\/sanjuan\/vida-universitaria\/semana-del-estudiante\/\"><img loading=\"lazy\" decoding=\"async\" aria-describedby=\"caption-attachment-2296\" class=\"wp-image-2296\" src=\"https:\/\/lameso.edu.mx\/sanjuan\/wp-content\/uploads\/2025\/10\/SEMANA-DEL-ESTUDIANTE-11-300x201.jpg\" alt=\"\" width=\"380\" height=\"254\" srcset=\"https:\/\/lameso.edu.mx\/sanjuan\/wp-content\/uploads\/2025\/10\/SEMANA-DEL-ESTUDIANTE-11-300x201.jpg 300w, https:\/\/lameso.edu.mx\/sanjuan\/wp-content\/uploads\/2025\/10\/SEMANA-DEL-ESTUDIANTE-11-1024x686.jpg 1024w, https:\/\/lameso.edu.mx\/sanjuan\/wp-content\/uploads\/2025\/10\/SEMANA-DEL-ESTUDIANTE-11-768x514.jpg 768w, https:\/\/lameso.edu.mx\/sanjuan\/wp-content\/uploads\/2025\/10\/SEMANA-DEL-ESTUDIANTE-11-1536x1028.jpg 1536w, https:\/\/lameso.edu.mx\/sanjuan\/wp-content\/uploads\/2025\/10\/SEMANA-DEL-ESTUDIANTE-11-2048x1371.jpg 2048w, https:\/\/lameso.edu.mx\/sanjuan\/wp-content\/uploads\/2025\/10\/SEMANA-DEL-ESTUDIANTE-11-150x100.jpg 150w, https:\/\/lameso.edu.mx\/sanjuan\/wp-content\/uploads\/2025\/10\/SEMANA-DEL-ESTUDIANTE-11-272x182.jpg 272w\" sizes=\"(max-width: 380px) 100vw, 380px\" \/><\/a><p id=\"caption-attachment-2296\" class=\"wp-caption-text\">SEMANA DEL ESTUDIANTE<\/p><\/div>\n<div id=\"attachment_2300\" style=\"width: 390px\" class=\"wp-caption alignleft\"><a href=\"https:\/\/lameso.edu.mx\/sanjuan\/vida-universitaria\/agentes-de-cambio\/\"><img loading=\"lazy\" decoding=\"async\" aria-describedby=\"caption-attachment-2300\" class=\"wp-image-2300\" src=\"https:\/\/lameso.edu.mx\/sanjuan\/wp-content\/uploads\/2025\/10\/AGENTES-DE-CAMBIO-EDI-07-300x201.jpg\" alt=\"\" width=\"380\" height=\"254\" srcset=\"https:\/\/lameso.edu.mx\/sanjuan\/wp-content\/uploads\/2025\/10\/AGENTES-DE-CAMBIO-EDI-07-300x201.jpg 300w, https:\/\/lameso.edu.mx\/sanjuan\/wp-content\/uploads\/2025\/10\/AGENTES-DE-CAMBIO-EDI-07-1024x686.jpg 1024w, https:\/\/lameso.edu.mx\/sanjuan\/wp-content\/uploads\/2025\/10\/AGENTES-DE-CAMBIO-EDI-07-768x514.jpg 768w, https:\/\/lameso.edu.mx\/sanjuan\/wp-content\/uploads\/2025\/10\/AGENTES-DE-CAMBIO-EDI-07-1536x1028.jpg 1536w, https:\/\/lameso.edu.mx\/sanjuan\/wp-content\/uploads\/2025\/10\/AGENTES-DE-CAMBIO-EDI-07-2048x1371.jpg 2048w, https:\/\/lameso.edu.mx\/sanjuan\/wp-content\/uploads\/2025\/10\/AGENTES-DE-CAMBIO-EDI-07-150x100.jpg 150w, https:\/\/lameso.edu.mx\/sanjuan\/wp-content\/uploads\/2025\/10\/AGENTES-DE-CAMBIO-EDI-07-272x182.jpg 272w\" sizes=\"(max-width: 380px) 100vw, 380px\" \/><\/a><p id=\"caption-attachment-2300\" class=\"wp-caption-text\">AGENTES DE CAMBIO<\/p><\/div>\n<div id=\"attachment_2316\" style=\"width: 390px\" class=\"wp-caption alignleft\"><a href=\"https:\/\/lameso.edu.mx\/sanjuan\/vida-universitaria\/galeria-dia-de-talentos\/\"><img loading=\"lazy\" decoding=\"async\" aria-describedby=\"caption-attachment-2316\" class=\"wp-image-2316\" src=\"https:\/\/lameso.edu.mx\/sanjuan\/wp-content\/uploads\/2025\/10\/DIA-DE-TALENTOS-01-300x201.jpg\" alt=\"\" width=\"380\" height=\"254\" srcset=\"https:\/\/lameso.edu.mx\/sanjuan\/wp-content\/uploads\/2025\/10\/DIA-DE-TALENTOS-01-300x201.jpg 300w, https:\/\/lameso.edu.mx\/sanjuan\/wp-content\/uploads\/2025\/10\/DIA-DE-TALENTOS-01-1024x686.jpg 1024w, https:\/\/lameso.edu.mx\/sanjuan\/wp-content\/uploads\/2025\/10\/DIA-DE-TALENTOS-01-768x514.jpg 768w, https:\/\/lameso.edu.mx\/sanjuan\/wp-content\/uploads\/2025\/10\/DIA-DE-TALENTOS-01-1536x1028.jpg 1536w, https:\/\/lameso.edu.mx\/sanjuan\/wp-content\/uploads\/2025\/10\/DIA-DE-TALENTOS-01-2048x1371.jpg 2048w, https:\/\/lameso.edu.mx\/sanjuan\/wp-content\/uploads\/2025\/10\/DIA-DE-TALENTOS-01-150x100.jpg 150w, https:\/\/lameso.edu.mx\/sanjuan\/wp-content\/uploads\/2025\/10\/DIA-DE-TALENTOS-01-272x182.jpg 272w\" sizes=\"(max-width: 380px) 100vw, 380px\" \/><\/a><p id=\"caption-attachment-2316\" class=\"wp-caption-text\">D\u00cdA DE TALENTOS<\/p><\/div>\n<div id=\"attachment_2323\" style=\"width: 390px\" class=\"wp-caption alignleft\"><a href=\"https:\/\/lameso.edu.mx\/sanjuan\/vida-universitaria\/galeria-encuentro-academico\/\"><img loading=\"lazy\" decoding=\"async\" aria-describedby=\"caption-attachment-2323\" class=\"wp-image-2323\" src=\"https:\/\/lameso.edu.mx\/sanjuan\/wp-content\/uploads\/2025\/10\/ENCUENTRO-ACADEMICO-02-300x201.jpg\" alt=\"\" width=\"380\" height=\"254\" srcset=\"https:\/\/lameso.edu.mx\/sanjuan\/wp-content\/uploads\/2025\/10\/ENCUENTRO-ACADEMICO-02-300x201.jpg 300w, https:\/\/lameso.edu.mx\/sanjuan\/wp-content\/uploads\/2025\/10\/ENCUENTRO-ACADEMICO-02-1024x686.jpg 1024w, https:\/\/lameso.edu.mx\/sanjuan\/wp-content\/uploads\/2025\/10\/ENCUENTRO-ACADEMICO-02-768x514.jpg 768w, https:\/\/lameso.edu.mx\/sanjuan\/wp-content\/uploads\/2025\/10\/ENCUENTRO-ACADEMICO-02-1536x1028.jpg 1536w, https:\/\/lameso.edu.mx\/sanjuan\/wp-content\/uploads\/2025\/10\/ENCUENTRO-ACADEMICO-02-2048x1371.jpg 2048w, https:\/\/lameso.edu.mx\/sanjuan\/wp-content\/uploads\/2025\/10\/ENCUENTRO-ACADEMICO-02-150x100.jpg 150w, https:\/\/lameso.edu.mx\/sanjuan\/wp-content\/uploads\/2025\/10\/ENCUENTRO-ACADEMICO-02-272x182.jpg 272w\" sizes=\"(max-width: 380px) 100vw, 380px\" \/><\/a><p id=\"caption-attachment-2323\" class=\"wp-caption-text\">ENCUENTRO ACAD\u00c9MICO<\/p><\/div>\n<div id=\"attachment_2311\" style=\"width: 390px\" class=\"wp-caption alignleft\"><a href=\"https:\/\/lameso.edu.mx\/sanjuan\/vida-universitaria\/entrega-de-reconocimientos\/\"><img loading=\"lazy\" decoding=\"async\" aria-describedby=\"caption-attachment-2311\" class=\"wp-image-2311\" src=\"https:\/\/lameso.edu.mx\/sanjuan\/wp-content\/uploads\/2025\/10\/ENTREGA-DE-RECONOCIMIENTOS-12-300x201.jpg\" alt=\"\" width=\"380\" height=\"254\" srcset=\"https:\/\/lameso.edu.mx\/sanjuan\/wp-content\/uploads\/2025\/10\/ENTREGA-DE-RECONOCIMIENTOS-12-300x201.jpg 300w, https:\/\/lameso.edu.mx\/sanjuan\/wp-content\/uploads\/2025\/10\/ENTREGA-DE-RECONOCIMIENTOS-12-1024x686.jpg 1024w, https:\/\/lameso.edu.mx\/sanjuan\/wp-content\/uploads\/2025\/10\/ENTREGA-DE-RECONOCIMIENTOS-12-768x514.jpg 768w, https:\/\/lameso.edu.mx\/sanjuan\/wp-content\/uploads\/2025\/10\/ENTREGA-DE-RECONOCIMIENTOS-12-1536x1028.jpg 1536w, https:\/\/lameso.edu.mx\/sanjuan\/wp-content\/uploads\/2025\/10\/ENTREGA-DE-RECONOCIMIENTOS-12-2048x1371.jpg 2048w, https:\/\/lameso.edu.mx\/sanjuan\/wp-content\/uploads\/2025\/10\/ENTREGA-DE-RECONOCIMIENTOS-12-150x100.jpg 150w, https:\/\/lameso.edu.mx\/sanjuan\/wp-content\/uploads\/2025\/10\/ENTREGA-DE-RECONOCIMIENTOS-12-272x182.jpg 272w\" sizes=\"(max-width: 380px) 100vw, 380px\" \/><\/a><p id=\"caption-attachment-2311\" class=\"wp-caption-text\">ENTREGA DE RECONOCIMIENTOS<\/p><\/div>\n<div id=\"attachment_2329\" style=\"width: 390px\" class=\"wp-caption alignleft\"><a href=\"https:\/\/lameso.edu.mx\/sanjuan\/vida-universitaria\/galeria-expodidactica\/\"><img loading=\"lazy\" decoding=\"async\" aria-describedby=\"caption-attachment-2329\" class=\"wp-image-2329\" src=\"https:\/\/lameso.edu.mx\/sanjuan\/wp-content\/uploads\/2025\/10\/EXPLO-DIDACTICA-01-300x201.jpg\" alt=\"\" width=\"380\" height=\"254\" srcset=\"https:\/\/lameso.edu.mx\/sanjuan\/wp-content\/uploads\/2025\/10\/EXPLO-DIDACTICA-01-300x201.jpg 300w, https:\/\/lameso.edu.mx\/sanjuan\/wp-content\/uploads\/2025\/10\/EXPLO-DIDACTICA-01-1024x686.jpg 1024w, https:\/\/lameso.edu.mx\/sanjuan\/wp-content\/uploads\/2025\/10\/EXPLO-DIDACTICA-01-768x514.jpg 768w, https:\/\/lameso.edu.mx\/sanjuan\/wp-content\/uploads\/2025\/10\/EXPLO-DIDACTICA-01-1536x1028.jpg 1536w, https:\/\/lameso.edu.mx\/sanjuan\/wp-content\/uploads\/2025\/10\/EXPLO-DIDACTICA-01-2048x1371.jpg 2048w, https:\/\/lameso.edu.mx\/sanjuan\/wp-content\/uploads\/2025\/10\/EXPLO-DIDACTICA-01-150x100.jpg 150w, https:\/\/lameso.edu.mx\/sanjuan\/wp-content\/uploads\/2025\/10\/EXPLO-DIDACTICA-01-272x182.jpg 272w\" sizes=\"(max-width: 380px) 100vw, 380px\" \/><\/a><p id=\"caption-attachment-2329\" class=\"wp-caption-text\">EXPODID\u00c1CTICA<\/p><\/div>\n<div id=\"attachment_2290\" style=\"width: 390px\" class=\"wp-caption alignleft\"><a href=\"https:\/\/lameso.edu.mx\/sanjuan\/vida-universitaria\/noche-mexicana\/\"><img loading=\"lazy\" decoding=\"async\" aria-describedby=\"caption-attachment-2290\" class=\"wp-image-2290\" src=\"https:\/\/lameso.edu.mx\/sanjuan\/wp-content\/uploads\/2025\/10\/NOCHE-MEXICANA-03-300x201.jpg\" alt=\"\" width=\"380\" height=\"254\" srcset=\"https:\/\/lameso.edu.mx\/sanjuan\/wp-content\/uploads\/2025\/10\/NOCHE-MEXICANA-03-300x201.jpg 300w, https:\/\/lameso.edu.mx\/sanjuan\/wp-content\/uploads\/2025\/10\/NOCHE-MEXICANA-03-1024x686.jpg 1024w, https:\/\/lameso.edu.mx\/sanjuan\/wp-content\/uploads\/2025\/10\/NOCHE-MEXICANA-03-768x514.jpg 768w, https:\/\/lameso.edu.mx\/sanjuan\/wp-content\/uploads\/2025\/10\/NOCHE-MEXICANA-03-1536x1028.jpg 1536w, https:\/\/lameso.edu.mx\/sanjuan\/wp-content\/uploads\/2025\/10\/NOCHE-MEXICANA-03-2048x1371.jpg 2048w, https:\/\/lameso.edu.mx\/sanjuan\/wp-content\/uploads\/2025\/10\/NOCHE-MEXICANA-03-150x100.jpg 150w, https:\/\/lameso.edu.mx\/sanjuan\/wp-content\/uploads\/2025\/10\/NOCHE-MEXICANA-03-272x182.jpg 272w\" sizes=\"(max-width: 380px) 100vw, 380px\" \/><\/a><p id=\"caption-attachment-2290\" class=\"wp-caption-text\">NOCHE MEXICANA<\/p><\/div>\n<div id=\"attachment_2341\" style=\"width: 390px\" class=\"wp-caption alignleft\"><a href=\"https:\/\/lameso.edu.mx\/sanjuan\/vida-universitaria\/torneo-intramuros\/\"><img loading=\"lazy\" decoding=\"async\" aria-describedby=\"caption-attachment-2341\" class=\"wp-image-2341\" src=\"https:\/\/lameso.edu.mx\/sanjuan\/wp-content\/uploads\/2025\/10\/INTRAMUROS-10-300x201.jpg\" alt=\"\" width=\"380\" height=\"254\" srcset=\"https:\/\/lameso.edu.mx\/sanjuan\/wp-content\/uploads\/2025\/10\/INTRAMUROS-10-300x201.jpg 300w, https:\/\/lameso.edu.mx\/sanjuan\/wp-content\/uploads\/2025\/10\/INTRAMUROS-10-1024x686.jpg 1024w, https:\/\/lameso.edu.mx\/sanjuan\/wp-content\/uploads\/2025\/10\/INTRAMUROS-10-768x514.jpg 768w, https:\/\/lameso.edu.mx\/sanjuan\/wp-content\/uploads\/2025\/10\/INTRAMUROS-10-1536x1028.jpg 1536w, https:\/\/lameso.edu.mx\/sanjuan\/wp-content\/uploads\/2025\/10\/INTRAMUROS-10-2048x1371.jpg 2048w, https:\/\/lameso.edu.mx\/sanjuan\/wp-content\/uploads\/2025\/10\/INTRAMUROS-10-150x100.jpg 150w, https:\/\/lameso.edu.mx\/sanjuan\/wp-content\/uploads\/2025\/10\/INTRAMUROS-10-272x182.jpg 272w\" sizes=\"(max-width: 380px) 100vw, 380px\" \/><\/a><p id=\"caption-attachment-2341\" class=\"wp-caption-text\">TORNEO INTRAMUROS<\/p><\/div>\n<div id=\"attachment_2337\" style=\"width: 390px\" class=\"wp-caption alignleft\"><a href=\"https:\/\/lameso.edu.mx\/sanjuan\/vida-universitaria\/paseo-de-la-catrina\/\"><img loading=\"lazy\" decoding=\"async\" aria-describedby=\"caption-attachment-2337\" class=\"wp-image-2337\" src=\"https:\/\/lameso.edu.mx\/sanjuan\/wp-content\/uploads\/2025\/10\/PASEO-DE-LA-CATRINA-05-300x201.jpg\" alt=\"\" width=\"380\" height=\"254\" srcset=\"https:\/\/lameso.edu.mx\/sanjuan\/wp-content\/uploads\/2025\/10\/PASEO-DE-LA-CATRINA-05-300x201.jpg 300w, https:\/\/lameso.edu.mx\/sanjuan\/wp-content\/uploads\/2025\/10\/PASEO-DE-LA-CATRINA-05-1024x686.jpg 1024w, https:\/\/lameso.edu.mx\/sanjuan\/wp-content\/uploads\/2025\/10\/PASEO-DE-LA-CATRINA-05-768x514.jpg 768w, https:\/\/lameso.edu.mx\/sanjuan\/wp-content\/uploads\/2025\/10\/PASEO-DE-LA-CATRINA-05-1536x1028.jpg 1536w, https:\/\/lameso.edu.mx\/sanjuan\/wp-content\/uploads\/2025\/10\/PASEO-DE-LA-CATRINA-05-2048x1371.jpg 2048w, https:\/\/lameso.edu.mx\/sanjuan\/wp-content\/uploads\/2025\/10\/PASEO-DE-LA-CATRINA-05-150x100.jpg 150w, https:\/\/lameso.edu.mx\/sanjuan\/wp-content\/uploads\/2025\/10\/PASEO-DE-LA-CATRINA-05-272x182.jpg 272w\" sizes=\"(max-width: 380px) 100vw, 380px\" \/><\/a><p id=\"caption-attachment-2337\" class=\"wp-caption-text\">PASEO DE LA CATRINA<\/p><\/div>\n<div id=\"attachment_2350\" style=\"width: 390px\" class=\"wp-caption alignleft\"><a href=\"https:\/\/lameso.edu.mx\/sanjuan\/vida-universitaria\/proyectos-creativos\/\"><img loading=\"lazy\" decoding=\"async\" aria-describedby=\"caption-attachment-2350\" class=\"wp-image-2350\" src=\"https:\/\/lameso.edu.mx\/sanjuan\/wp-content\/uploads\/2025\/10\/PROYECTOS-CREATIVOS-14-300x201.jpg\" alt=\"\" width=\"380\" height=\"254\" srcset=\"https:\/\/lameso.edu.mx\/sanjuan\/wp-content\/uploads\/2025\/10\/PROYECTOS-CREATIVOS-14-300x201.jpg 300w, https:\/\/lameso.edu.mx\/sanjuan\/wp-content\/uploads\/2025\/10\/PROYECTOS-CREATIVOS-14-1024x686.jpg 1024w, https:\/\/lameso.edu.mx\/sanjuan\/wp-content\/uploads\/2025\/10\/PROYECTOS-CREATIVOS-14-768x514.jpg 768w, https:\/\/lameso.edu.mx\/sanjuan\/wp-content\/uploads\/2025\/10\/PROYECTOS-CREATIVOS-14-1536x1028.jpg 1536w, https:\/\/lameso.edu.mx\/sanjuan\/wp-content\/uploads\/2025\/10\/PROYECTOS-CREATIVOS-14-2048x1371.jpg 2048w, https:\/\/lameso.edu.mx\/sanjuan\/wp-content\/uploads\/2025\/10\/PROYECTOS-CREATIVOS-14-150x100.jpg 150w, https:\/\/lameso.edu.mx\/sanjuan\/wp-content\/uploads\/2025\/10\/PROYECTOS-CREATIVOS-14-272x182.jpg 272w\" sizes=\"(max-width: 380px) 100vw, 380px\" \/><\/a><p id=\"caption-attachment-2350\" class=\"wp-caption-text\">PROYECTOS CREATIVOS<\/p><\/div>\n","protected":false},"excerpt":{"rendered":"<p>Tenemos como prop\u00f3sito orientar a los alumnos en el uso correcto del conocimiento a trav\u00e9s de diferentes formas de expresi\u00f3n\u2026<\/p>\n<p class=\"continue-reading-button\"> <a class=\"continue-reading-link\" href=\"https:\/\/lameso.edu.mx\/sanjuan\/vida-universitaria\/\">Leer m\u00e1s&#8230;<i class=\"crycon-right-dir\"><\/i><\/a><\/p>\n","protected":false},"author":1,"featured_media":1148,"parent":0,"menu_order":3,"comment_status":"closed","ping_status":"closed","template":"templates\/template-twocolumns-right.php","meta":{"footnotes":"","_joinchat":[]},"_links":{"self":[{"href":"https:\/\/lameso.edu.mx\/sanjuan\/wp-json\/wp\/v2\/pages\/36"}],"collection":[{"href":"https:\/\/lameso.edu.mx\/sanjuan\/wp-json\/wp\/v2\/pages"}],"about":[{"href":"https:\/\/lameso.edu.mx\/sanjuan\/wp-json\/wp\/v2\/types\/page"}],"author":[{"embeddable":true,"href":"https:\/\/lameso.edu.mx\/sanjuan\/wp-json\/wp\/v2\/users\/1"}],"replies":[{"embeddable":true,"href":"https:\/\/lameso.edu.mx\/sanjuan\/wp-json\/wp\/v2\/comments?post=36"}],"version-history":[{"count":74,"href":"https:\/\/lameso.edu.mx\/sanjuan\/wp-json\/wp\/v2\/pages\/36\/revisions"}],"predecessor-version":[{"id":2353,"href":"https:\/\/lameso.edu.mx\/sanjuan\/wp-json\/wp\/v2\/pages\/36\/revisions\/2353"}],"wp:featuredmedia":[{"embeddable":true,"href":"https:\/\/lameso.edu.mx\/sanjuan\/wp-json\/wp\/v2\/media\/1148"}],"wp:attachment":[{"href":"https:\/\/lameso.edu.mx\/sanjuan\/wp-json\/wp\/v2\/media?parent=36"}],"curies":[{"name":"wp","href":"https:\/\/api.w.org\/{rel}","templated":true}]}}