{"id":18,"date":"2015-03-25T15:49:49","date_gmt":"2015-03-25T15:49:49","guid":{"rendered":"http:\/\/www.lameso.edu.mx\/sanjuan\/?page_id=18"},"modified":"2024-04-05T13:40:50","modified_gmt":"2024-04-05T13:40:50","slug":"mision","status":"publish","type":"page","link":"https:\/\/lameso.edu.mx\/sanjuan\/nosotros\/mision\/","title":{"rendered":"Misi\u00f3n"},"content":{"rendered":"<h4 style=\"text-align: center;\"><span style=\"color: #000000;\">La <strong>Universidad Mesoamericana<\/strong> es una universidad privada que con base en el estudio, la investigaci\u00f3n, la reflexi\u00f3n cr\u00edtica y la interacci\u00f3n humana, pretende ser catalizadora del desarrollo de sus alumnos y principalmente a trav\u00e9s de ellos, contribuir\u00a0al progreso social.<\/span><\/h4>\n<p><a href=\"https:\/\/lameso.edu.mx\/sanjuan\/wp-content\/uploads\/2021\/01\/nosostros3.jpeg\"><img loading=\"lazy\" decoding=\"async\" class=\"aligncenter wp-image-1615 size-large\" src=\"https:\/\/lameso.edu.mx\/sanjuan\/wp-content\/uploads\/2021\/01\/nosostros3-1024x682.jpeg\" alt=\"\" width=\"930\" height=\"619\" srcset=\"https:\/\/lameso.edu.mx\/sanjuan\/wp-content\/uploads\/2021\/01\/nosostros3-1024x682.jpeg 1024w, https:\/\/lameso.edu.mx\/sanjuan\/wp-content\/uploads\/2021\/01\/nosostros3-300x200.jpeg 300w, https:\/\/lameso.edu.mx\/sanjuan\/wp-content\/uploads\/2021\/01\/nosostros3-768x512.jpeg 768w, https:\/\/lameso.edu.mx\/sanjuan\/wp-content\/uploads\/2021\/01\/nosostros3-150x100.jpeg 150w, https:\/\/lameso.edu.mx\/sanjuan\/wp-content\/uploads\/2021\/01\/nosostros3-272x182.jpeg 272w, https:\/\/lameso.edu.mx\/sanjuan\/wp-content\/uploads\/2021\/01\/nosostros3.jpeg 1280w\" sizes=\"(max-width: 930px) 100vw, 930px\" \/><\/a><\/p>\n","protected":false},"excerpt":{"rendered":"<p>La Universidad Mesoamericana es una universidad privada que con base en el estudio, la investigaci\u00f3n, la reflexi\u00f3n cr\u00edtica y la\u2026<\/p>\n<p class=\"continue-reading-button\"> <a class=\"continue-reading-link\" href=\"https:\/\/lameso.edu.mx\/sanjuan\/nosotros\/mision\/\">Leer m\u00e1s&#8230;<i class=\"crycon-right-dir\"><\/i><\/a><\/p>\n","protected":false},"author":1,"featured_media":1148,"parent":253,"menu_order":2,"comment_status":"closed","ping_status":"closed","template":"templates\/template-page-with-intro.php","meta":{"footnotes":"","_joinchat":[]},"_links":{"self":[{"href":"https:\/\/lameso.edu.mx\/sanjuan\/wp-json\/wp\/v2\/pages\/18"}],"collection":[{"href":"https:\/\/lameso.edu.mx\/sanjuan\/wp-json\/wp\/v2\/pages"}],"about":[{"href":"https:\/\/lameso.edu.mx\/sanjuan\/wp-json\/wp\/v2\/types\/page"}],"author":[{"embeddable":true,"href":"https:\/\/lameso.edu.mx\/sanjuan\/wp-json\/wp\/v2\/users\/1"}],"replies":[{"embeddable":true,"href":"https:\/\/lameso.edu.mx\/sanjuan\/wp-json\/wp\/v2\/comments?post=18"}],"version-history":[{"count":8,"href":"https:\/\/lameso.edu.mx\/sanjuan\/wp-json\/wp\/v2\/pages\/18\/revisions"}],"predecessor-version":[{"id":1779,"href":"https:\/\/lameso.edu.mx\/sanjuan\/wp-json\/wp\/v2\/pages\/18\/revisions\/1779"}],"up":[{"embeddable":true,"href":"https:\/\/lameso.edu.mx\/sanjuan\/wp-json\/wp\/v2\/pages\/253"}],"wp:featuredmedia":[{"embeddable":true,"href":"https:\/\/lameso.edu.mx\/sanjuan\/wp-json\/wp\/v2\/media\/1148"}],"wp:attachment":[{"href":"https:\/\/lameso.edu.mx\/sanjuan\/wp-json\/wp\/v2\/media?parent=18"}],"curies":[{"name":"wp","href":"https:\/\/api.w.org\/{rel}","templated":true}]}}