{"id":945,"date":"2015-08-20T21:48:03","date_gmt":"2015-08-20T21:48:03","guid":{"rendered":"http:\/\/www.lameso.edu.mx\/oaxaca\/?page_id=945"},"modified":"2024-02-10T16:17:37","modified_gmt":"2024-02-10T16:17:37","slug":"practicas-profesionales","status":"publish","type":"page","link":"https:\/\/lameso.edu.mx\/oaxaca\/servicios\/practicas-profesionales\/","title":{"rendered":"Pr\u00e1cticas Profesionales"},"content":{"rendered":"<div id=\"pl-945\"  class=\"panel-layout\" ><div id=\"pg-945-0\"  class=\"panel-grid panel-no-style\" ><div id=\"pgc-945-0-0\"  class=\"panel-grid-cell panel-grid-cell-empty\" ><\/div><div id=\"pgc-945-0-1\"  class=\"panel-grid-cell panel-grid-cell-mobile-last\" ><div id=\"panel-945-0-1-0\" class=\"so-panel widget widget_sow-slider panel-first-child panel-last-child\" data-index=\"0\" ><div\n\t\t\t\n\t\t\tclass=\"so-widget-sow-slider so-widget-sow-slider-default-0f2ad1f873e9-945\"\n\t\t\t\n\t\t>\t\t\t\t<div class=\"sow-slider-base\" style=\"display: none\" tabindex=\"0\">\n\t\t\t\t\t<ul\n\t\t\t\t\tclass=\"sow-slider-images\"\n\t\t\t\t\tdata-settings=\"{&quot;pagination&quot;:true,&quot;speed&quot;:800,&quot;timeout&quot;:10000,&quot;paused&quot;:false,&quot;pause_on_hover&quot;:false,&quot;swipe&quot;:true,&quot;nav_always_show_desktop&quot;:&quot;&quot;,&quot;nav_always_show_mobile&quot;:&quot;&quot;,&quot;breakpoint&quot;:&quot;780px&quot;,&quot;unmute&quot;:false,&quot;anchor&quot;:null}\"\n\t\t\t\t\t\t\t\t\t\tdata-anchor-id=\"\"\n\t\t\t\t>\t\t<li class=\"sow-slider-image\" style=\"visibility: visible;\" >\n\t\t\t\t\t\t<img width=\"3300\" height=\"2550\" src=\"https:\/\/lameso.edu.mx\/oaxaca\/wp-content\/uploads\/2015\/10\/PP01.jpg\" class=\"sow-slider-background-image\" alt=\"\" decoding=\"async\" loading=\"lazy\" style=\"\" srcset=\"https:\/\/lameso.edu.mx\/oaxaca\/wp-content\/uploads\/2015\/10\/PP01.jpg 3300w, https:\/\/lameso.edu.mx\/oaxaca\/wp-content\/uploads\/2015\/10\/PP01-300x232.jpg 300w, https:\/\/lameso.edu.mx\/oaxaca\/wp-content\/uploads\/2015\/10\/PP01-1024x791.jpg 1024w, https:\/\/lameso.edu.mx\/oaxaca\/wp-content\/uploads\/2015\/10\/PP01-150x116.jpg 150w\" sizes=\"(max-width: 3300px) 100vw, 3300px\" \/>\t\t<\/li>\n\t\t\t\t<li class=\"sow-slider-image\" style=\"visibility: hidden;\" >\n\t\t\t\t\t\t<img width=\"3300\" height=\"2550\" src=\"https:\/\/lameso.edu.mx\/oaxaca\/wp-content\/uploads\/2015\/10\/PP02.jpg\" class=\"sow-slider-background-image\" alt=\"\" decoding=\"async\" loading=\"lazy\" style=\"\" srcset=\"https:\/\/lameso.edu.mx\/oaxaca\/wp-content\/uploads\/2015\/10\/PP02.jpg 3300w, https:\/\/lameso.edu.mx\/oaxaca\/wp-content\/uploads\/2015\/10\/PP02-300x232.jpg 300w, https:\/\/lameso.edu.mx\/oaxaca\/wp-content\/uploads\/2015\/10\/PP02-1024x791.jpg 1024w, https:\/\/lameso.edu.mx\/oaxaca\/wp-content\/uploads\/2015\/10\/PP02-150x116.jpg 150w\" sizes=\"(max-width: 3300px) 100vw, 3300px\" \/>\t\t<\/li>\n\t\t\t\t<li class=\"sow-slider-image\" style=\"visibility: hidden;\" >\n\t\t\t\t\t\t<img width=\"3300\" height=\"2550\" src=\"https:\/\/lameso.edu.mx\/oaxaca\/wp-content\/uploads\/2015\/10\/PP03.jpg\" class=\"sow-slider-background-image\" alt=\"\" decoding=\"async\" loading=\"lazy\" style=\"\" srcset=\"https:\/\/lameso.edu.mx\/oaxaca\/wp-content\/uploads\/2015\/10\/PP03.jpg 3300w, https:\/\/lameso.edu.mx\/oaxaca\/wp-content\/uploads\/2015\/10\/PP03-300x232.jpg 300w, https:\/\/lameso.edu.mx\/oaxaca\/wp-content\/uploads\/2015\/10\/PP03-1024x791.jpg 1024w, https:\/\/lameso.edu.mx\/oaxaca\/wp-content\/uploads\/2015\/10\/PP03-150x116.jpg 150w\" sizes=\"(max-width: 3300px) 100vw, 3300px\" \/>\t\t<\/li>\n\t\t\t\t<li class=\"sow-slider-image\" style=\"visibility: hidden;\" >\n\t\t\t\t\t\t<img width=\"3300\" height=\"2550\" src=\"https:\/\/lameso.edu.mx\/oaxaca\/wp-content\/uploads\/2015\/10\/PP04.jpg\" class=\"sow-slider-background-image\" alt=\"\" decoding=\"async\" loading=\"lazy\" style=\"\" srcset=\"https:\/\/lameso.edu.mx\/oaxaca\/wp-content\/uploads\/2015\/10\/PP04.jpg 3300w, https:\/\/lameso.edu.mx\/oaxaca\/wp-content\/uploads\/2015\/10\/PP04-300x232.jpg 300w, https:\/\/lameso.edu.mx\/oaxaca\/wp-content\/uploads\/2015\/10\/PP04-1024x791.jpg 1024w, https:\/\/lameso.edu.mx\/oaxaca\/wp-content\/uploads\/2015\/10\/PP04-150x116.jpg 150w\" sizes=\"(max-width: 3300px) 100vw, 3300px\" \/>\t\t<\/li>\n\t\t\t\t<li class=\"sow-slider-image\" style=\"visibility: hidden;\" >\n\t\t\t\t\t\t<img width=\"3300\" height=\"2550\" src=\"https:\/\/lameso.edu.mx\/oaxaca\/wp-content\/uploads\/2015\/10\/PP05.jpg\" class=\"sow-slider-background-image\" alt=\"\" decoding=\"async\" loading=\"lazy\" style=\"\" srcset=\"https:\/\/lameso.edu.mx\/oaxaca\/wp-content\/uploads\/2015\/10\/PP05.jpg 3300w, https:\/\/lameso.edu.mx\/oaxaca\/wp-content\/uploads\/2015\/10\/PP05-300x232.jpg 300w, https:\/\/lameso.edu.mx\/oaxaca\/wp-content\/uploads\/2015\/10\/PP05-1024x791.jpg 1024w, https:\/\/lameso.edu.mx\/oaxaca\/wp-content\/uploads\/2015\/10\/PP05-150x116.jpg 150w\" sizes=\"(max-width: 3300px) 100vw, 3300px\" \/>\t\t<\/li>\n\t\t\t\t<li class=\"sow-slider-image\" style=\"visibility: hidden;\" >\n\t\t\t\t\t\t<img width=\"3301\" height=\"2550\" src=\"https:\/\/lameso.edu.mx\/oaxaca\/wp-content\/uploads\/2015\/10\/PP06.jpg\" class=\"sow-slider-background-image\" alt=\"\" decoding=\"async\" loading=\"lazy\" style=\"\" srcset=\"https:\/\/lameso.edu.mx\/oaxaca\/wp-content\/uploads\/2015\/10\/PP06.jpg 3301w, https:\/\/lameso.edu.mx\/oaxaca\/wp-content\/uploads\/2015\/10\/PP06-300x232.jpg 300w, https:\/\/lameso.edu.mx\/oaxaca\/wp-content\/uploads\/2015\/10\/PP06-1024x791.jpg 1024w, https:\/\/lameso.edu.mx\/oaxaca\/wp-content\/uploads\/2015\/10\/PP06-150x116.jpg 150w\" sizes=\"(max-width: 3301px) 100vw, 3301px\" \/>\t\t<\/li>\n\t\t\t\t<li class=\"sow-slider-image\" style=\"visibility: hidden;\" >\n\t\t\t\t\t\t<img width=\"3300\" height=\"2550\" src=\"https:\/\/lameso.edu.mx\/oaxaca\/wp-content\/uploads\/2015\/10\/PP07.jpg\" class=\"sow-slider-background-image\" alt=\"\" decoding=\"async\" loading=\"lazy\" style=\"\" srcset=\"https:\/\/lameso.edu.mx\/oaxaca\/wp-content\/uploads\/2015\/10\/PP07.jpg 3300w, https:\/\/lameso.edu.mx\/oaxaca\/wp-content\/uploads\/2015\/10\/PP07-300x232.jpg 300w, https:\/\/lameso.edu.mx\/oaxaca\/wp-content\/uploads\/2015\/10\/PP07-1024x791.jpg 1024w, https:\/\/lameso.edu.mx\/oaxaca\/wp-content\/uploads\/2015\/10\/PP07-150x116.jpg 150w\" sizes=\"(max-width: 3300px) 100vw, 3300px\" \/>\t\t<\/li>\n\t\t\t\t<li class=\"sow-slider-image\" style=\"visibility: hidden;\" >\n\t\t\t\t\t\t<img width=\"3300\" height=\"2550\" src=\"https:\/\/lameso.edu.mx\/oaxaca\/wp-content\/uploads\/2015\/10\/PP08.jpg\" class=\"sow-slider-background-image\" alt=\"\" decoding=\"async\" loading=\"lazy\" style=\"\" srcset=\"https:\/\/lameso.edu.mx\/oaxaca\/wp-content\/uploads\/2015\/10\/PP08.jpg 3300w, https:\/\/lameso.edu.mx\/oaxaca\/wp-content\/uploads\/2015\/10\/PP08-300x232.jpg 300w, https:\/\/lameso.edu.mx\/oaxaca\/wp-content\/uploads\/2015\/10\/PP08-1024x791.jpg 1024w, https:\/\/lameso.edu.mx\/oaxaca\/wp-content\/uploads\/2015\/10\/PP08-150x116.jpg 150w\" sizes=\"(max-width: 3300px) 100vw, 3300px\" \/>\t\t<\/li>\n\t\t\t\t<li class=\"sow-slider-image\" style=\"visibility: hidden;\" >\n\t\t\t\t\t\t<img width=\"3300\" height=\"2550\" src=\"https:\/\/lameso.edu.mx\/oaxaca\/wp-content\/uploads\/2015\/10\/PP09.jpg\" class=\"sow-slider-background-image\" alt=\"\" decoding=\"async\" loading=\"lazy\" style=\"\" srcset=\"https:\/\/lameso.edu.mx\/oaxaca\/wp-content\/uploads\/2015\/10\/PP09.jpg 3300w, https:\/\/lameso.edu.mx\/oaxaca\/wp-content\/uploads\/2015\/10\/PP09-300x232.jpg 300w, https:\/\/lameso.edu.mx\/oaxaca\/wp-content\/uploads\/2015\/10\/PP09-1024x791.jpg 1024w, https:\/\/lameso.edu.mx\/oaxaca\/wp-content\/uploads\/2015\/10\/PP09-150x116.jpg 150w\" sizes=\"(max-width: 3300px) 100vw, 3300px\" \/>\t\t<\/li>\n\t\t\t\t<li class=\"sow-slider-image\" style=\"visibility: hidden;\" >\n\t\t\t\t\t\t<img width=\"3300\" height=\"2550\" src=\"https:\/\/lameso.edu.mx\/oaxaca\/wp-content\/uploads\/2015\/10\/PP10.jpg\" class=\"sow-slider-background-image\" alt=\"\" decoding=\"async\" loading=\"lazy\" style=\"\" srcset=\"https:\/\/lameso.edu.mx\/oaxaca\/wp-content\/uploads\/2015\/10\/PP10.jpg 3300w, https:\/\/lameso.edu.mx\/oaxaca\/wp-content\/uploads\/2015\/10\/PP10-300x232.jpg 300w, https:\/\/lameso.edu.mx\/oaxaca\/wp-content\/uploads\/2015\/10\/PP10-1024x791.jpg 1024w, https:\/\/lameso.edu.mx\/oaxaca\/wp-content\/uploads\/2015\/10\/PP10-150x116.jpg 150w\" sizes=\"(max-width: 3300px) 100vw, 3300px\" \/>\t\t<\/li>\n\t\t<\/ul>\t\t\t\t<ol class=\"sow-slider-pagination\">\n\t\t\t\t\t\t\t\t\t\t\t<li><a href=\"#\" data-goto=\"0\" aria-label=\"mostrar diapositiva 1\"><\/a><\/li>\n\t\t\t\t\t\t\t\t\t\t\t<li><a href=\"#\" data-goto=\"1\" aria-label=\"mostrar diapositiva 2\"><\/a><\/li>\n\t\t\t\t\t\t\t\t\t\t\t<li><a href=\"#\" data-goto=\"2\" aria-label=\"mostrar diapositiva 3\"><\/a><\/li>\n\t\t\t\t\t\t\t\t\t\t\t<li><a href=\"#\" data-goto=\"3\" aria-label=\"mostrar diapositiva 4\"><\/a><\/li>\n\t\t\t\t\t\t\t\t\t\t\t<li><a href=\"#\" data-goto=\"4\" aria-label=\"mostrar diapositiva 5\"><\/a><\/li>\n\t\t\t\t\t\t\t\t\t\t\t<li><a href=\"#\" data-goto=\"5\" aria-label=\"mostrar diapositiva 6\"><\/a><\/li>\n\t\t\t\t\t\t\t\t\t\t\t<li><a href=\"#\" data-goto=\"6\" aria-label=\"mostrar diapositiva 7\"><\/a><\/li>\n\t\t\t\t\t\t\t\t\t\t\t<li><a href=\"#\" data-goto=\"7\" aria-label=\"mostrar diapositiva 8\"><\/a><\/li>\n\t\t\t\t\t\t\t\t\t\t\t<li><a href=\"#\" data-goto=\"8\" aria-label=\"mostrar diapositiva 9\"><\/a><\/li>\n\t\t\t\t\t\t\t\t\t\t\t<li><a href=\"#\" data-goto=\"9\" aria-label=\"mostrar diapositiva 10\"><\/a><\/li>\n\t\t\t\t\t\t\t\t\t<\/ol>\n\n\t\t\t\t<div class=\"sow-slide-nav sow-slide-nav-next\">\n\t\t\t\t\t<a href=\"#\" data-goto=\"next\" aria-label=\"diapositiva siguiente\" data-action=\"next\">\n\t\t\t\t\t\t<em class=\"sow-sld-icon-thin-right\"><\/em>\n\t\t\t\t\t<\/a>\n\t\t\t\t<\/div>\n\n\t\t\t\t<div class=\"sow-slide-nav sow-slide-nav-prev\">\n\t\t\t\t\t<a href=\"#\" data-goto=\"previous\" aria-label=\"diapositiva anterior\" data-action=\"prev\">\n\t\t\t\t\t\t<em class=\"sow-sld-icon-thin-left\"><\/em>\n\t\t\t\t\t<\/a>\n\t\t\t\t<\/div>\n\t\t\t\t<\/div><\/div><\/div><\/div><div id=\"pgc-945-0-2\"  class=\"panel-grid-cell panel-grid-cell-empty\" ><\/div><\/div><div id=\"pg-945-1\"  class=\"panel-grid panel-no-style\" ><div id=\"pgc-945-1-0\"  class=\"panel-grid-cell\" ><div id=\"panel-945-1-0-0\" class=\"so-panel widget widget_text panel-first-child panel-last-child\" data-index=\"1\" >\t\t\t<div class=\"textwidget\"><div align=\"center\">\n<a href=\"http:\/\/www.lameso.edu.mx\/oaxaca\/wp-content\/uploads\/2015\/10\/NORMATIVIDAD_PP.pdf\" target=\"_blank\" rel=\"noopener\">INFORMACI\u00d3N Y NORMATIVIDAD<\/a> \n<h3>Aqu\u00ed puedes descargar los formatos para Pr\u00e1cticas Profesionales<\/h3>\n<\/div><\/div>\n\t\t<\/div><\/div><\/div><div id=\"pg-945-2\"  class=\"panel-grid panel-no-style\" ><div id=\"pgc-945-2-0\"  class=\"panel-grid-cell panel-grid-cell-empty\" ><\/div><div id=\"pgc-945-2-1\"  class=\"panel-grid-cell\" ><div id=\"panel-945-2-1-0\" class=\"so-panel widget widget_text panel-first-child panel-last-child\" data-index=\"2\" >\t\t\t<div class=\"textwidget\"><p><strong>INCORPORACI\u00d3N<\/strong><br \/>\n<a href=\"https:\/\/lameso.edu.mx\/pp\/fpp.pdf\" download=\"IncorporacionPracticas\"><img decoding=\"async\" src=\"http:\/\/lameso.edu.mx\/oaxaca\/wp-content\/uploads\/2017\/01\/pdf.png\" \/><\/a><\/p>\n<\/div>\n\t\t<\/div><\/div><div id=\"pgc-945-2-2\"  class=\"panel-grid-cell\" ><div id=\"panel-945-2-2-0\" class=\"so-panel widget widget_text panel-first-child panel-last-child\" data-index=\"3\" >\t\t\t<div class=\"textwidget\"><strong>ACEPTACI\u00d3N<\/strong>\n<a href=\"https:\/\/lameso.edu.mx\/pp\/fapp.doc\"><img src=\"http:\/\/lameso.edu.mx\/oaxaca\/wp-content\/uploads\/2015\/09\/dwonload.jpg\" \/><\/a>\n<\/div>\n\t\t<\/div><\/div><div id=\"pgc-945-2-3\"  class=\"panel-grid-cell panel-grid-cell-mobile-last\" ><div id=\"panel-945-2-3-0\" class=\"so-panel widget widget_text panel-first-child panel-last-child\" data-index=\"4\" >\t\t\t<div class=\"textwidget\"><strong>LIBERACI\u00d3N<\/strong>\n<a href=\"https:\/\/lameso.edu.mx\/pp\/flp.doc\"><img src=\"http:\/\/lameso.edu.mx\/oaxaca\/wp-content\/uploads\/2015\/09\/dwonload.jpg\" \/><\/a>\n<\/div>\n\t\t<\/div><\/div><div id=\"pgc-945-2-4\"  class=\"panel-grid-cell panel-grid-cell-empty\" ><\/div><\/div><\/div>","protected":false},"excerpt":{"rendered":"<p>INFORMACI\u00d3N Y NORMATIVIDAD Aqu\u00ed puedes descargar los formatos para Pr\u00e1cticas Profesionales<\/p>\n<p class=\"continue-reading-button\"> <a class=\"continue-reading-link\" href=\"https:\/\/lameso.edu.mx\/oaxaca\/servicios\/practicas-profesionales\/\">Leer m\u00e1s&#8230;<i class=\"crycon-right-dir\"><\/i><\/a><\/p>\n","protected":false},"author":1,"featured_media":1123,"parent":378,"menu_order":5,"comment_status":"closed","ping_status":"closed","template":"","meta":[],"_links":{"self":[{"href":"https:\/\/lameso.edu.mx\/oaxaca\/wp-json\/wp\/v2\/pages\/945"}],"collection":[{"href":"https:\/\/lameso.edu.mx\/oaxaca\/wp-json\/wp\/v2\/pages"}],"about":[{"href":"https:\/\/lameso.edu.mx\/oaxaca\/wp-json\/wp\/v2\/types\/page"}],"author":[{"embeddable":true,"href":"https:\/\/lameso.edu.mx\/oaxaca\/wp-json\/wp\/v2\/users\/1"}],"replies":[{"embeddable":true,"href":"https:\/\/lameso.edu.mx\/oaxaca\/wp-json\/wp\/v2\/comments?post=945"}],"version-history":[{"count":41,"href":"https:\/\/lameso.edu.mx\/oaxaca\/wp-json\/wp\/v2\/pages\/945\/revisions"}],"predecessor-version":[{"id":3111,"href":"https:\/\/lameso.edu.mx\/oaxaca\/wp-json\/wp\/v2\/pages\/945\/revisions\/3111"}],"up":[{"embeddable":true,"href":"https:\/\/lameso.edu.mx\/oaxaca\/wp-json\/wp\/v2\/pages\/378"}],"wp:featuredmedia":[{"embeddable":true,"href":"https:\/\/lameso.edu.mx\/oaxaca\/wp-json\/wp\/v2\/media\/1123"}],"wp:attachment":[{"href":"https:\/\/lameso.edu.mx\/oaxaca\/wp-json\/wp\/v2\/media?parent=945"}],"curies":[{"name":"wp","href":"https:\/\/api.w.org\/{rel}","templated":true}]}}