{"id":685,"date":"2015-08-13T15:02:09","date_gmt":"2015-08-13T15:02:09","guid":{"rendered":"http:\/\/www.lameso.edu.mx\/oaxaca\/?page_id=685"},"modified":"2024-02-10T15:47:00","modified_gmt":"2024-02-10T15:47:00","slug":"encuentro-academico","status":"publish","type":"page","link":"https:\/\/lameso.edu.mx\/oaxaca\/la-meso\/eventos-institucionales\/encuentro-academico\/","title":{"rendered":"Encuentro Acad\u00e9mico"},"content":{"rendered":"<h3 style=\"text-align: center;\"><span style=\"color: #000000;\"><strong><em>Encuentro Acad\u00e9mico<\/em><\/strong><\/span><\/h3>\n<p><span style=\"color: #000000;\">Este evento institucional se realiza cada semestre, con la intenci\u00f3n de que nuestros alumnos participantes compartan sus conocimientos con sus dem\u00e1s compa\u00f1eros y al mismo tiempo puedan reconocer la importancia que la colaboraci\u00f3n y el trabajo en equipo tiene dentro de la formaci\u00f3n profesional.<\/span><\/p>\n<p><span style=\"color: #000000;\">Durante esta justa acad\u00e9mica, todos nuestros j\u00f3venes participantes resuelven casos pr\u00e1cticos integradores, con la finalidad de revisar y analizar una problem\u00e1tica para posteriormente darle soluci\u00f3n aplicando los conocimientos adquiridos en semestres anteriores.<\/span><\/p>\n<p><a href=\"http:\/\/lameso.edu.mx\/oaxaca\/wp-content\/uploads\/2015\/08\/encuentro_aca-1.jpg\"><img decoding=\"async\" loading=\"lazy\" class=\"alignleft wp-image-848 size-thumbnail\" src=\"https:\/\/lameso.edu.mx\/oaxaca\/wp-content\/uploads\/2015\/08\/encuentro_aca-1-150x150.jpg\" alt=\"encuentro_aca (1)\" width=\"150\" height=\"150\" \/><\/a> <a href=\"http:\/\/lameso.edu.mx\/oaxaca\/wp-content\/uploads\/2015\/08\/encuentro_aca-2.jpg\"><img decoding=\"async\" loading=\"lazy\" class=\"alignleft wp-image-849 size-thumbnail\" src=\"https:\/\/lameso.edu.mx\/oaxaca\/wp-content\/uploads\/2015\/08\/encuentro_aca-2-150x150.jpg\" alt=\"encuentro_aca (2)\" width=\"150\" height=\"150\" \/><\/a> <a href=\"http:\/\/lameso.edu.mx\/oaxaca\/wp-content\/uploads\/2015\/08\/encuentro_aca-3.jpg\"><img decoding=\"async\" loading=\"lazy\" class=\"alignleft wp-image-850 size-thumbnail\" src=\"https:\/\/lameso.edu.mx\/oaxaca\/wp-content\/uploads\/2015\/08\/encuentro_aca-3-150x150.jpg\" alt=\"encuentro_aca (3)\" width=\"150\" height=\"150\" \/><\/a> <a href=\"http:\/\/lameso.edu.mx\/oaxaca\/wp-content\/uploads\/2015\/08\/encuentro_aca-4.jpg\"><img decoding=\"async\" loading=\"lazy\" class=\"alignleft wp-image-851 size-thumbnail\" src=\"https:\/\/lameso.edu.mx\/oaxaca\/wp-content\/uploads\/2015\/08\/encuentro_aca-4-150x150.jpg\" alt=\"encuentro_aca (4)\" width=\"150\" height=\"150\" \/><\/a> <a href=\"http:\/\/lameso.edu.mx\/oaxaca\/wp-content\/uploads\/2015\/08\/encuentro_aca-5.jpg\"><img decoding=\"async\" loading=\"lazy\" class=\"alignleft wp-image-852 size-thumbnail\" src=\"https:\/\/lameso.edu.mx\/oaxaca\/wp-content\/uploads\/2015\/08\/encuentro_aca-5-150x150.jpg\" alt=\"encuentro_aca (5)\" width=\"150\" height=\"150\" \/><\/a> <a href=\"http:\/\/lameso.edu.mx\/oaxaca\/wp-content\/uploads\/2015\/08\/encuentro_aca-6.jpg\"><img decoding=\"async\" loading=\"lazy\" class=\"alignleft wp-image-854 size-thumbnail\" src=\"https:\/\/lameso.edu.mx\/oaxaca\/wp-content\/uploads\/2015\/08\/encuentro_aca-6-150x150.jpg\" alt=\"encuentro_aca (6)\" width=\"150\" height=\"150\" \/><\/a> <a href=\"http:\/\/lameso.edu.mx\/oaxaca\/wp-content\/uploads\/2015\/08\/encuentro_aca-7.jpg\"><img decoding=\"async\" loading=\"lazy\" class=\"alignleft wp-image-855 size-thumbnail\" src=\"https:\/\/lameso.edu.mx\/oaxaca\/wp-content\/uploads\/2015\/08\/encuentro_aca-7-150x150.jpg\" alt=\"encuentro_aca (7)\" width=\"150\" height=\"150\" \/><\/a> <a href=\"http:\/\/lameso.edu.mx\/oaxaca\/wp-content\/uploads\/2015\/08\/encuentro_aca-8.jpg\"><img decoding=\"async\" loading=\"lazy\" class=\"alignleft wp-image-856 size-thumbnail\" src=\"https:\/\/lameso.edu.mx\/oaxaca\/wp-content\/uploads\/2015\/08\/encuentro_aca-8-150x150.jpg\" alt=\"encuentro_aca (8)\" width=\"150\" height=\"150\" \/><\/a> <a href=\"http:\/\/lameso.edu.mx\/oaxaca\/wp-content\/uploads\/2015\/08\/encuentro_aca-9.jpg\"><img decoding=\"async\" loading=\"lazy\" class=\"alignleft wp-image-857 size-thumbnail\" src=\"https:\/\/lameso.edu.mx\/oaxaca\/wp-content\/uploads\/2015\/08\/encuentro_aca-9-150x150.jpg\" alt=\"encuentro_aca (9)\" width=\"150\" height=\"150\" \/><\/a> <a href=\"http:\/\/lameso.edu.mx\/oaxaca\/wp-content\/uploads\/2015\/08\/encuentro_aca-10.jpg\"><img decoding=\"async\" loading=\"lazy\" class=\"alignleft wp-image-858 size-thumbnail\" src=\"https:\/\/lameso.edu.mx\/oaxaca\/wp-content\/uploads\/2015\/08\/encuentro_aca-10-150x150.jpg\" alt=\"encuentro_aca (10)\" width=\"150\" height=\"150\" \/><\/a> <a href=\"http:\/\/lameso.edu.mx\/oaxaca\/wp-content\/uploads\/2015\/08\/encuentro_aca-11.jpg\"><img decoding=\"async\" loading=\"lazy\" class=\"alignleft wp-image-859 size-thumbnail\" src=\"https:\/\/lameso.edu.mx\/oaxaca\/wp-content\/uploads\/2015\/08\/encuentro_aca-11-150x150.jpg\" alt=\"encuentro_aca (11)\" width=\"150\" height=\"150\" \/><\/a> <a href=\"http:\/\/lameso.edu.mx\/oaxaca\/wp-content\/uploads\/2015\/08\/encuentro_aca-12.jpg\"><img decoding=\"async\" loading=\"lazy\" class=\"alignleft wp-image-860 size-thumbnail\" src=\"https:\/\/lameso.edu.mx\/oaxaca\/wp-content\/uploads\/2015\/08\/encuentro_aca-12-150x150.jpg\" alt=\"encuentro_aca (12)\" width=\"150\" height=\"150\" \/><\/a><\/p>\n","protected":false},"excerpt":{"rendered":"<p>Encuentro Acad\u00e9mico Este evento institucional se realiza cada semestre, con la intenci\u00f3n de que nuestros alumnos participantes compartan sus conocimientos\u2026<\/p>\n<p class=\"continue-reading-button\"> <a class=\"continue-reading-link\" href=\"https:\/\/lameso.edu.mx\/oaxaca\/la-meso\/eventos-institucionales\/encuentro-academico\/\">Leer m\u00e1s&#8230;<i class=\"crycon-right-dir\"><\/i><\/a><\/p>\n","protected":false},"author":1,"featured_media":0,"parent":38,"menu_order":4,"comment_status":"closed","ping_status":"closed","template":"templates\/template-page-with-intro.php","meta":[],"_links":{"self":[{"href":"https:\/\/lameso.edu.mx\/oaxaca\/wp-json\/wp\/v2\/pages\/685"}],"collection":[{"href":"https:\/\/lameso.edu.mx\/oaxaca\/wp-json\/wp\/v2\/pages"}],"about":[{"href":"https:\/\/lameso.edu.mx\/oaxaca\/wp-json\/wp\/v2\/types\/page"}],"author":[{"embeddable":true,"href":"https:\/\/lameso.edu.mx\/oaxaca\/wp-json\/wp\/v2\/users\/1"}],"replies":[{"embeddable":true,"href":"https:\/\/lameso.edu.mx\/oaxaca\/wp-json\/wp\/v2\/comments?post=685"}],"version-history":[{"count":5,"href":"https:\/\/lameso.edu.mx\/oaxaca\/wp-json\/wp\/v2\/pages\/685\/revisions"}],"predecessor-version":[{"id":3103,"href":"https:\/\/lameso.edu.mx\/oaxaca\/wp-json\/wp\/v2\/pages\/685\/revisions\/3103"}],"up":[{"embeddable":true,"href":"https:\/\/lameso.edu.mx\/oaxaca\/wp-json\/wp\/v2\/pages\/38"}],"wp:attachment":[{"href":"https:\/\/lameso.edu.mx\/oaxaca\/wp-json\/wp\/v2\/media?parent=685"}],"curies":[{"name":"wp","href":"https:\/\/api.w.org\/{rel}","templated":true}]}}