{"id":642,"date":"2015-08-12T22:24:00","date_gmt":"2015-08-12T22:24:00","guid":{"rendered":"http:\/\/www.lameso.edu.mx\/oaxaca\/?page_id=642"},"modified":"2015-08-13T14:59:37","modified_gmt":"2015-08-13T14:59:37","slug":"lita","status":"publish","type":"page","link":"https:\/\/lameso.edu.mx\/oaxaca\/investigacion\/integrantes\/lita\/","title":{"rendered":"Lita"},"content":{"rendered":"<p style=\"text-align: right;\"><strong><a href=\"http:\/\/www.lameso.edu.mx\/oaxaca\/wp-content\/uploads\/2015\/08\/Lita.jpg\"><img decoding=\"async\" loading=\"lazy\" class=\" size-thumbnail wp-image-621 alignright\" src=\"http:\/\/www.lameso.edu.mx\/oaxaca\/wp-content\/uploads\/2015\/08\/Lita-150x150.jpg\" alt=\"Lita\" width=\"150\" height=\"150\" \/><\/a>Rafaela \u00abLita\u00bb Andr\u00e9s Ortiz<\/strong><br \/>\n<strong><em>Profesora Investigadora<\/em><\/strong><br \/>\n<strong>Universidad Mesoamericana<\/strong><br \/>\n<strong>Contacto: litaoax@hotmail.com<\/strong><\/p>\n<p><span style=\"color: #000000;\"><strong><em>FORMACI\u00d3N PROFESIONAL <\/em><\/strong><\/span><\/p>\n<ul>\n<li>Graduada como Profesora de Educaci\u00f3n General Media de Espa\u00f1ol por el Instituto Superior Pedag\u00f3gico \u201cEnrique Jos\u00e9 Varona\u201d de la ciudad de la Habana.<\/li>\n<li>Licenciada en Espa\u00f1ol y Literatura por el Instituto Superior Pedag\u00f3gico \u201cEnrique Jos\u00e9 Varona\u201d de la ciudad de la Habana.<\/li>\n<\/ul>\n<p><strong>Distinciones<\/strong><\/p>\n<ul>\n<li>Presea Quetzalc\u00f3atl, m\u00e1xima distinci\u00f3n de la Universidad Mesoamericana (2003).<\/li>\n<li>\u00a0Diplomas de Reconocimiento al M\u00e9rito Acad\u00e9mico hasta el 2011.<\/li>\n<\/ul>\n<p><strong>EXPERIENCIA<\/strong><\/p>\n<ul>\n<li>Catedr\u00e1tico en desde 1995 hasta 2012.<\/li>\n<li>Asesora de la Coordinaci\u00f3n de la Licenciatura en comunicaci\u00f3n Asesora de Licenciatura en Espa\u00f1ol de la Escuela Normal Superior de Oaxaca.<\/li>\n<li>Profesora investigadora de la Universidad Mesoamericana (GEIUMA), Oaxaca, M\u00e9xico.<\/li>\n<li>Integrante del Grupo emergente de Investigaci\u00f3n de la Universidad Mesoamericana de Oaxaca.<\/li>\n<li>Correctora de estilo de trabajos profesionales.<\/li>\n<li>Jurado de ex\u00e1menes profesionales en la Universidad Mesoamericana.<\/li>\n<li>Jurado de concursos literarios.<\/li>\n<li>Capacitadora en T\u00e9cnicas de investigaci\u00f3n.<\/li>\n<li>Miembro de la Oral History Association (IOHA) desde 2010.<\/li>\n<\/ul>\n<p><strong>DOCENCIA<\/strong><\/p>\n<ul>\n<li>Experiencia docente Profesora de Espa\u00f1ol y Literatura para la ense\u00f1anza media superior en la provincia Habana, Cuba.<\/li>\n<li>Desde 1995 hasta el ciclo 12-2 (2012) profesora de las materias: Taller de expresi\u00f3n escrita, Discurso literario 1, Discurso literario 2, Discurso literario 3, T\u00e9cnicas de investigaci\u00f3n, Taller de expresi\u00f3n escrita, Investigaci\u00f3n II y Ling\u00fc\u00edstica para la Licenciatura en Comunicaci\u00f3n. T\u00e9cnicas de redacci\u00f3n I, T\u00e9cnicas de redacci\u00f3n II, T\u00e9cnicas de investigaci\u00f3n, Creatividad relacionada con la escritura para la Licenciatura en Dise\u00f1o Gr\u00e1fico.<\/li>\n<li>Asesora de Espa\u00f1ol en la Escuela Normal Superior de Oaxaca.<\/li>\n<\/ul>\n<p><strong>PUBLICACIONES<\/strong><br \/>\nCongresos<br \/>\nMetodolog\u00eda para la construcci\u00f3n de historias de familia de la que se desprende la historia de vida de una mujer oaxaque\u00f1a en VIII Congreso Internacional de Historia Oral: La historia oral y la multidisciplinaridad: retos y perspectivas. Universidad de Colima, M\u00e9xico, 2009.<br \/>\nLa transformaci\u00f3n de la trayectoria ocupacional y educativa de una madre oaxaque\u00f1a y el impacto que produjo en el actuar de sus hijos y nietos en XVI Conferencia International de Historia Oral. Entre el Pasado y el Futuro: Comprensi\u00f3n de la Historia y Memoria Oral. Praga, Rep\u00fablica Checa, 2010.<\/p>\n","protected":false},"excerpt":{"rendered":"<p>Rafaela \u00abLita\u00bb Andr\u00e9s Ortiz Profesora Investigadora Universidad Mesoamericana Contacto: litaoax@hotmail.com FORMACI\u00d3N PROFESIONAL Graduada como Profesora de Educaci\u00f3n General Media de\u2026<\/p>\n<p class=\"continue-reading-button\"> <a class=\"continue-reading-link\" href=\"https:\/\/lameso.edu.mx\/oaxaca\/investigacion\/integrantes\/lita\/\">Leer m\u00e1s&#8230;<i class=\"crycon-right-dir\"><\/i><\/a><\/p>\n","protected":false},"author":1,"featured_media":0,"parent":58,"menu_order":3,"comment_status":"closed","ping_status":"closed","template":"templates\/template-page-with-intro.php","meta":[],"_links":{"self":[{"href":"https:\/\/lameso.edu.mx\/oaxaca\/wp-json\/wp\/v2\/pages\/642"}],"collection":[{"href":"https:\/\/lameso.edu.mx\/oaxaca\/wp-json\/wp\/v2\/pages"}],"about":[{"href":"https:\/\/lameso.edu.mx\/oaxaca\/wp-json\/wp\/v2\/types\/page"}],"author":[{"embeddable":true,"href":"https:\/\/lameso.edu.mx\/oaxaca\/wp-json\/wp\/v2\/users\/1"}],"replies":[{"embeddable":true,"href":"https:\/\/lameso.edu.mx\/oaxaca\/wp-json\/wp\/v2\/comments?post=642"}],"version-history":[{"count":4,"href":"https:\/\/lameso.edu.mx\/oaxaca\/wp-json\/wp\/v2\/pages\/642\/revisions"}],"predecessor-version":[{"id":659,"href":"https:\/\/lameso.edu.mx\/oaxaca\/wp-json\/wp\/v2\/pages\/642\/revisions\/659"}],"up":[{"embeddable":true,"href":"https:\/\/lameso.edu.mx\/oaxaca\/wp-json\/wp\/v2\/pages\/58"}],"wp:attachment":[{"href":"https:\/\/lameso.edu.mx\/oaxaca\/wp-json\/wp\/v2\/media?parent=642"}],"curies":[{"name":"wp","href":"https:\/\/api.w.org\/{rel}","templated":true}]}}